{"id":82,"date":"2020-04-21T16:18:04","date_gmt":"2020-04-21T16:18:04","guid":{"rendered":"http:\/\/asth-arbeitssicherheit.de\/?page_id=82"},"modified":"2023-12-28T09:46:17","modified_gmt":"2023-12-28T09:46:17","slug":"leistungen-2","status":"publish","type":"page","link":"https:\/\/asth-arbeitssicherheit.de\/?page_id=82","title":{"rendered":"Leistungen"},"content":{"rendered":"<h3>beratung<\/h3>\n<pre>Beratung zur Schaffung einer geeigneten Organisation\nim Arbeitsschutz.\nBeratung des Arbeitgebers und der Besch\u00e4ftigten \u00fcber\nUnfall- und Gesundheitsgefahren bei der Arbeit.<\/pre>\n<h3>betreuung<\/h3>\n<pre>Als externe Fachkraft f\u00fcr Arbeitssicherheit biete ich\nBetreuung nach DGUV Vorschrift 2 folgendes an:<\/pre>\n<ul>\n<li>Sicherheitstechnische Grund- und Regelbetreuung<\/li>\n<li>Betriebsspezifische Betreuung<\/li>\n<li>Bedarfsorientierte Betreuung<\/li>\n<li>Anlassbezogene Betreuung<\/li>\n<\/ul>\n<h3>schulung<\/h3>\n<ul>\n<li>Ausbildung zum Brandschutzhelfer nach DGUV Information 205-023 (Inhouse)<\/li>\n<li>Ausbildung zum F\u00fchrer vom Mitg\u00e4nger-Flurf\u00f6rderzeugen nach TRBS 1116 &#8222;Qualifikation, Unterweisung und Beauftragung von Besch\u00e4ftigten f\u00fcr die sichere Verwendung von Arbeitsmitteln&#8220; (Inhouse)<\/li>\n<\/ul>\n<h3>pr\u00fcfung<\/h3>\n<ul>\n<li>Regalpr\u00fcfung gem\u00e4\u00df DIN EN 15635 \/ DGUV Regel 108-007<\/li>\n<li>\u00dcberpr\u00fcfung von Leitern und Tritte gem\u00e4\u00df BetrSichV \u00a7 10 \/ DGUV Information 208-016 und Arbeitsmittelbenutzungsrichtlinie 89\/655\/EG1 (AMRL) Art.4<\/li>\n<\/ul>\n","protected":false},"excerpt":{"rendered":"<p>beratung Beratung zur Schaffung einer geeigneten Organisation im Arbeitsschutz. Beratung des Arbeitgebers und der Besch\u00e4ftigten \u00fcber Unfall- und Gesundheitsgefahren bei der Arbeit. betreuung Als externe Fachkraft f\u00fcr Arbeitssicherheit biete ich Betreuung nach DGUV Vorschrift 2 folgendes an: Sicherheitstechnische Grund- und Regelbetreuung Betriebsspezifische Betreuung Bedarfsorientierte Betreuung Anlassbezogene Betreuung schulung Ausbildung zum Brandschutzhelfer nach DGUV Information 205-023 [&hellip;]<\/p>\n","protected":false},"author":1,"featured_media":0,"parent":0,"menu_order":0,"comment_status":"closed","ping_status":"closed","template":"","meta":{"footnotes":""},"class_list":["post-82","page","type-page","status-publish","hentry"],"_links":{"self":[{"href":"https:\/\/asth-arbeitssicherheit.de\/index.php?rest_route=\/wp\/v2\/pages\/82","targetHints":{"allow":["GET"]}}],"collection":[{"href":"https:\/\/asth-arbeitssicherheit.de\/index.php?rest_route=\/wp\/v2\/pages"}],"about":[{"href":"https:\/\/asth-arbeitssicherheit.de\/index.php?rest_route=\/wp\/v2\/types\/page"}],"author":[{"embeddable":true,"href":"https:\/\/asth-arbeitssicherheit.de\/index.php?rest_route=\/wp\/v2\/users\/1"}],"replies":[{"embeddable":true,"href":"https:\/\/asth-arbeitssicherheit.de\/index.php?rest_route=%2Fwp%2Fv2%2Fcomments&post=82"}],"version-history":[{"count":7,"href":"https:\/\/asth-arbeitssicherheit.de\/index.php?rest_route=\/wp\/v2\/pages\/82\/revisions"}],"predecessor-version":[{"id":122,"href":"https:\/\/asth-arbeitssicherheit.de\/index.php?rest_route=\/wp\/v2\/pages\/82\/revisions\/122"}],"wp:attachment":[{"href":"https:\/\/asth-arbeitssicherheit.de\/index.php?rest_route=%2Fwp%2Fv2%2Fmedia&parent=82"}],"curies":[{"name":"wp","href":"https:\/\/api.w.org\/{rel}","templated":true}]}}