{"id":57,"date":"2020-04-21T15:20:48","date_gmt":"2020-04-21T15:20:48","guid":{"rendered":"http:\/\/asth-arbeitssicherheit.de\/?page_id=57"},"modified":"2025-10-09T10:44:26","modified_gmt":"2025-10-09T10:44:26","slug":"news","status":"publish","type":"page","link":"https:\/\/asth-arbeitssicherheit.de\/","title":{"rendered":"News"},"content":{"rendered":"\n<h4 class=\"wp-block-heading\">09.10.2025<\/h4>\n\n\n\n<p class=\"has-large-font-size\">Absturz \/ Durchsturz &#8211; Gefahrenanalyse Bestandsd\u00e4cher<\/p>\n\n\n\n<p>Haben Sie schon die Gef\u00e4hrdungsbeurteilung der Arbeitspl\u00e4tze auf Dachfl\u00e4chen durchgef\u00fchrt? Sind Ihre Anschlagmittel in diesem Bereich gepr\u00fcft? Sind Sie Betreiber\/Eigent\u00fcmer von Geb\u00e4uden\/Objekten?                    Eine Gefahrenanalyse f\u00fcr Bestandsd\u00e4cher im Bezug auf Absturz und Durchsturz (ASR A2.1) bringt Ihnen Klarheit \u00fcber Ihre Pflichten.<\/p>\n\n\n\n<p>Gerne unterbreite ich Ihnen ein Angebot.<\/p>\n\n\n\n<h4 class=\"wp-block-heading\">28.09.2025<\/h4>\n\n\n\n<p>Haben Sie schon die Gef\u00e4hrdungsbeurteilung der Arbeitspl\u00e4tze nach dem MuSchG durchgef\u00fchrt? Sind Sie mit Ihren Pr\u00fcfungen (Regale, Leitern- und Tritte, Rundschlingen und Zurrgurte) auf dem Laufenden?<\/p>\n\n\n\n<p>Gerne unterbreite ich Ihnen ein Angebot.<\/p>\n\n\n\n<h4 class=\"wp-block-heading\">28.09.2025<\/h4>\n\n\n\n<p>&#8222;Brandschutzhelfer&#8220;<\/p>\n\n\n\n<p>Ausbildung nach DGUV Information 205-023 Brandschutzhelfer.<\/p>\n\n\n\n<p>Inhouse ab 5 Teilnehmer.<\/p>\n\n\n\n<p>Gerne unterbreite ich Ihnen ein Angebot.<\/p>\n","protected":false},"excerpt":{"rendered":"<p>09.10.2025 Absturz \/ Durchsturz &#8211; Gefahrenanalyse Bestandsd\u00e4cher Haben Sie schon die Gef\u00e4hrdungsbeurteilung der Arbeitspl\u00e4tze auf Dachfl\u00e4chen durchgef\u00fchrt? Sind Ihre Anschlagmittel in diesem Bereich gepr\u00fcft? Sind Sie Betreiber\/Eigent\u00fcmer von Geb\u00e4uden\/Objekten? Eine Gefahrenanalyse f\u00fcr Bestandsd\u00e4cher im Bezug auf Absturz und Durchsturz (ASR A2.1) bringt Ihnen Klarheit \u00fcber Ihre Pflichten. Gerne unterbreite ich Ihnen ein Angebot. 28.09.2025 Haben [&hellip;]<\/p>\n","protected":false},"author":1,"featured_media":0,"parent":0,"menu_order":1,"comment_status":"closed","ping_status":"closed","template":"","meta":{"footnotes":""},"class_list":["post-57","page","type-page","status-publish","hentry"],"_links":{"self":[{"href":"https:\/\/asth-arbeitssicherheit.de\/index.php?rest_route=\/wp\/v2\/pages\/57","targetHints":{"allow":["GET"]}}],"collection":[{"href":"https:\/\/asth-arbeitssicherheit.de\/index.php?rest_route=\/wp\/v2\/pages"}],"about":[{"href":"https:\/\/asth-arbeitssicherheit.de\/index.php?rest_route=\/wp\/v2\/types\/page"}],"author":[{"embeddable":true,"href":"https:\/\/asth-arbeitssicherheit.de\/index.php?rest_route=\/wp\/v2\/users\/1"}],"replies":[{"embeddable":true,"href":"https:\/\/asth-arbeitssicherheit.de\/index.php?rest_route=%2Fwp%2Fv2%2Fcomments&post=57"}],"version-history":[{"count":15,"href":"https:\/\/asth-arbeitssicherheit.de\/index.php?rest_route=\/wp\/v2\/pages\/57\/revisions"}],"predecessor-version":[{"id":127,"href":"https:\/\/asth-arbeitssicherheit.de\/index.php?rest_route=\/wp\/v2\/pages\/57\/revisions\/127"}],"wp:attachment":[{"href":"https:\/\/asth-arbeitssicherheit.de\/index.php?rest_route=%2Fwp%2Fv2%2Fmedia&parent=57"}],"curies":[{"name":"wp","href":"https:\/\/api.w.org\/{rel}","templated":true}]}}